{"id":708,"date":"2024-01-07T13:03:16","date_gmt":"2024-01-07T12:03:16","guid":{"rendered":"https:\/\/unithink.it\/\/?page_id=708"},"modified":"2025-04-16T23:10:30","modified_gmt":"2025-04-16T21:10:30","slug":"servizi","status":"publish","type":"page","link":"https:\/\/unithink.it\/it\/servizi\/","title":{"rendered":"Cosa facciamo"},"content":{"rendered":"\n<section class=\"wp-block-unithink-content-services creative-art\"><\/section>\n\n\n\n<section class=\"wp-block-unithink-accordion-services accordion\" data-accordion=\"true\"><h2 class=\"accordion__title\"><span>Branding<\/span><span><\/span><\/h2><ul class=\"accordion__content\">\n<li class=\"wp-block-unithink-single-accordion-services\"><a class=\"item-title\" href=\"#\" data-accordion-item-title=\"true\"><h3>Brand Design &amp; Brand Identity<\/h3><div class=\"plus-minus\" data-accordion-item-plus-minus=\"true\"><span><\/span><\/div><\/a><div class=\"item-content\" data-accordion-item-content=\"true\">\n<p><strong>L\u2019importanza dell\u2019identit\u00e0.<\/strong><br>Creare un&#8217;identit\u00e0 di marca solida \u00e8 un requisito essenziale per comunicare correttamente al pubblico ci\u00f2 che rende veramente unico un progetto o un\u2019azienda, per distinguersi dalla concorrenza e costruire fiducia intorno ad un prodotto o servizio. La brand identity non si limita agli elementi visivi del marchio, come il logo o i colori, ma comprende anche gli elementi intangibili, come ad esempio i valori, la personalit\u00e0 e il tono di voce. Contribuiamo a definire l&#8217;immagine globale e distintiva dell&#8217;azienda o del progetto col fine di stabilire un legame emotivo con il pubblico e a costruire una reputazione forte e duratura nel tempo.<\/p>\n<\/div><\/li>\n\n\n\n<li class=\"wp-block-unithink-single-accordion-services\"><a class=\"item-title\" href=\"#\" data-accordion-item-title=\"true\"><h3>Brand Strategy<\/h3><div class=\"plus-minus\" data-accordion-item-plus-minus=\"true\"><span><\/span><\/div><\/a><div class=\"item-content\" data-accordion-item-content=\"true\">\n<p><strong>L\u2019efficacia della strategia.<\/strong><br>In questa fase definiamo l&#8217;approccio generale del brand verso il pubblico e come vengono influenzate le sue percezioni. Una strategia di marca ben ponderata permette di concentrarsi su obiettivi specifici e definisce le scelte creative del brand. Questo assicura che il messaggio si diffonda in maniera coerente ed efficace nel mondo disordinato e caotico di oggi.<\/p>\n<\/div><\/li>\n\n\n\n<li class=\"wp-block-unithink-single-accordion-services\"><a class=\"item-title\" href=\"#\" data-accordion-item-title=\"true\"><h3>Brand Positioning<\/h3><div class=\"plus-minus\" data-accordion-item-plus-minus=\"true\"><span><\/span><\/div><\/a><div class=\"item-content\" data-accordion-item-content=\"true\">\n<p><strong>Il valore della differenziazione.<\/strong><br>Il posizionamento di un marchio \u00e8 determinato esclusivamente dalle percezioni del suo pubblico, cio\u00e8 dal ruolo che svolge nella sua mente. Sviluppiamo una strategia mirata a influenzare queste percezioni al fine di ottenere una presenza distintiva nel settore di appartenenza e ottenere cos\u00ec un vantaggio competitivo attraverso una netta differenziazione rispetto alla concorrenza. Le scelte fatte durante la fase di posizionamento indirizzeranno tutte le future decisioni di design e comunicazione.<\/p>\n<\/div><\/li>\n\n\n\n<li class=\"wp-block-unithink-single-accordion-services\"><a class=\"item-title\" href=\"#\" data-accordion-item-title=\"true\"><h3>Brand Communication<\/h3><div class=\"plus-minus\" data-accordion-item-plus-minus=\"true\"><span><\/span><\/div><\/a><div class=\"item-content\" data-accordion-item-content=\"true\">\n<p><strong>Instaurare una relazione col pubblico.<\/strong><br>Definire i messaggi chiave da comunicare al pubblico \u00e8 fondamentale per consolidare il posizionamento del brand. Altrettanto importante \u00e8 stabilire le linee guida per la presentazione dei contenuti, che includono il tono di voce da adottare, i canali da utilizzare, i tempi e i destinatari della comunicazione. Questo approccio ci permette di creare una strategia mirata a presentare il brand nel modo appropriato, evitando il rischio di comprometterne la credibilit\u00e0. Una strategia di comunicazione definita con precisione e attuata con cura si traduce nello sviluppo di un messaggio di marca coerente e coinvolgente che contribuisce a migliorare la reputazione complessiva del brand.<\/p>\n<\/div><\/li>\n\n\n\n<li class=\"wp-block-unithink-single-accordion-services\"><a class=\"item-title\" href=\"#\" data-accordion-item-title=\"true\"><h3>Brand Narrative<\/h3><div class=\"plus-minus\" data-accordion-item-plus-minus=\"true\"><span><\/span><\/div><\/a><div class=\"item-content\" data-accordion-item-content=\"true\">\n<p><strong>Il coinvolgimento del pubblico.<\/strong><br>Raccontare una storia \u00e8 il metodo pi\u00f9 efficace per comunicare conoscenze e stabilire connessioni con le persone. Creare un legame emotivo con il pubblico aiuta a differenziarsi in modo unico e originale rispetto alla concorrenza ed \u00e8 fondamentale per guadagnare fiducia e favorire l&#8217;identificazione nella narrazione del brand.<\/p>\n<\/div><\/li>\n\n\n\n<li class=\"wp-block-unithink-single-accordion-services\"><a class=\"item-title\" href=\"#\" data-accordion-item-title=\"true\"><h3>Brand Literature<\/h3><div class=\"plus-minus\" data-accordion-item-plus-minus=\"true\"><span><\/span><\/div><\/a><div class=\"item-content\" data-accordion-item-content=\"true\">\n<p><strong>Il piacere di toccare con mano.<\/strong><br>Nonostante l&#8217;ampia digitalizzazione dei tempi moderni, i supporti fisici e cartacei mantengono ancora un ruolo significativo nella comunicazione di un brand o di un progetto, Grazie una fruizione attiva e tangibile, cataloghi, company profile e brochure di prodotto formano una brand literature che, se ben progettata, veicola i valori del brand e ne migliora la reputazione, contribuendo ad una differenziazione significativa e memorabile rispetto alla concorrenza.<\/p>\n<\/div><\/li>\n\n\n\n<li class=\"wp-block-unithink-single-accordion-services\"><a class=\"item-title\" href=\"#\" data-accordion-item-title=\"true\"><h3>Brand Development<\/h3><div class=\"plus-minus\" data-accordion-item-plus-minus=\"true\"><span><\/span><\/div><\/a><div class=\"item-content\" data-accordion-item-content=\"true\">\n<p><strong>Mantenere vivo l\u2019interesse verso il brand.<\/strong><br>Elaborare un piano di sviluppo a medio-lungo termine aiuta il brand ad aumentare la consapevolezza tra i clienti (brand awareness), a migliorare la sua reputazione (brand reputation) e soprattutto a rafforzare il suo valore di mercato (brand value).<\/p>\n<\/div><\/li>\n<\/ul><\/section>\n\n\n\n<section class=\"wp-block-unithink-accordion-services accordion\" data-accordion=\"true\"><h2 class=\"accordion__title\"><span>Direction<\/span><span><\/span><\/h2><ul class=\"accordion__content\">\n<li class=\"wp-block-unithink-single-accordion-services\"><a class=\"item-title\" href=\"#\" data-accordion-item-title=\"true\"><h3><strong>Creative<\/strong> <strong>Direction<\/strong><\/h3><div class=\"plus-minus\" data-accordion-item-plus-minus=\"true\"><span><\/span><\/div><\/a><div class=\"item-content\" data-accordion-item-content=\"true\">\n<p><strong>Il valore delle idee.<\/strong><br>Avere una visione d\u2019insieme del brand o del progetto di comunicazione \u00e8 di fondamentale importanza per formulare un corretto piano di lavoro che consenta di ottimizzare le risorse economiche e professionali e sfruttare al meglio il budget dedicato ed evitando sprechi. La strategia \u00e8 il sempre il punto di partenza. In questa fase definiamo le basi identitarie del progetto, creiamo le linee guida concettuali e definiamo gli strumenti dell\u2019intera comunicazione. Per questo motivo la direzione creativa \u00e8 necessaria prima delle fasi marketing e della comunicazione verso l\u2019esterno (social, sito, o brand presence in generale).<\/p>\n<\/div><\/li>\n\n\n\n<li class=\"wp-block-unithink-single-accordion-services\"><a class=\"item-title\" href=\"#\" data-accordion-item-title=\"true\"><h3><strong><strong>Art<\/strong> <strong>Direction<\/strong><\/strong><\/h3><div class=\"plus-minus\" data-accordion-item-plus-minus=\"true\"><span><\/span><\/div><\/a><div class=\"item-content\" data-accordion-item-content=\"true\">\n<p><strong>L&#8217;efficacia del design.<\/strong><br>In questa fase definiamo lo styling generale operando le scelte stilistiche degli elementi visivi che contribuiscono a definire l&#8217;aspetto distintivo del progetto, garantendo originalit\u00e0, armonia e coerenza stilistica. Supervisioniamo e guidiamo l\u2019intero processo creativo. Nulla viene lasciato al caso: la scelta delle forme, dei colori, della composizione, dell\u2019illuminazione, dei materiali, ecc. segue sempre criteri funzionali alla comunicazione e mai unicamente estetici. Grazie a concept originali traduciamo le esigenze commerciali in soluzioni comunicative efficaci e concrete al fine di coinvolgere il pubblico attraverso un\u2019esperienza memorabile.<\/p>\n<\/div><\/li>\n<\/ul><\/section>\n\n\n\n<section class=\"wp-block-unithink-accordion-services accordion\" data-accordion=\"true\"><h2 class=\"accordion__title\"><span><strong>Visual Design<\/strong><\/span><span><\/span><\/h2><ul class=\"accordion__content\">\n<li class=\"wp-block-unithink-single-accordion-services\"><a class=\"item-title\" href=\"#\" data-accordion-item-title=\"true\"><h3>Visual Identity Systems<\/h3><div class=\"plus-minus\" data-accordion-item-plus-minus=\"true\"><span><\/span><\/div><\/a><div class=\"item-content\" data-accordion-item-content=\"true\">\n<p><strong>Essere sempre riconoscibili.<\/strong><br>Le moderne identit\u00e0 visive non si basano pi\u00f9 esclusivamente sul logo come unico elemento di riconoscimento, ma sono costituite da sistemi flessibili in continua evoluzione. La combinazione ricorrente di elementi tipografici, fotografici, stilistici, forme, colori, pattern e layout crea sistemi di identit\u00e0 che si adattano all&#8217;esperienza e al linguaggio visivo del brand in base alle esigenze del contesto o del supporto, rimanendo sempre riconoscibili e comunicando la personalit\u00e0 del marchio in modo forte, distintivo e attraente.<\/p>\n<\/div><\/li>\n\n\n\n<li class=\"wp-block-unithink-single-accordion-services\"><a class=\"item-title\" href=\"#\" data-accordion-item-title=\"true\"><h3>Graphic Design<\/h3><div class=\"plus-minus\" data-accordion-item-plus-minus=\"true\"><span><\/span><\/div><\/a><div class=\"item-content\" data-accordion-item-content=\"true\">\n<p><strong>Il segno della comunicazione.<\/strong><br>L&#8217;essenza del graphic design risiede nella capacit\u00e0 di semplificazione, ovvero nel tradurre informazioni complesse in messaggi comprensibili attraverso l&#8217;uso di strumenti visivi. Un design grafico di qualit\u00e0 si caratterizza per chiarezza, organizzazione, essenzialit\u00e0 e funzionalit\u00e0 rispetto a uno scopo specifico, oltre ad essere esteticamente coinvolgente e, soprattutto, durevole nel tempo. Applichiamo questi principi universali a qualsiasi tipo di progetto.<\/p>\n<\/div><\/li>\n\n\n\n<li class=\"wp-block-unithink-single-accordion-services\"><a class=\"item-title\" href=\"#\" data-accordion-item-title=\"true\"><h3>Logo Design<\/h3><div class=\"plus-minus\" data-accordion-item-plus-minus=\"true\"><span><\/span><\/div><\/a><div class=\"item-content\" data-accordion-item-content=\"true\">\n<p><strong>La prima impressione.<\/strong><br>Il logo \u00e8 un elemento di grande rilevanza nella comunicazione, in quanto \u00e8 incaricato di identificare rapidamente un brand specifico agli occhi del pubblico. Ha il potere di lasciare una traccia nella memoria e di richiamare istantaneamente il sistema di valori ad esso legato. La potenza del concept visivo, la semplificazione e la riduzione delle forme, unite a un&#8217;estetica armoniosa e alla facilit\u00e0 di riproduzione, sono tutti fattori che contribuiscono a rendere un logo memorabile e dotato di un notevole impatto comunicativo.<\/p>\n<\/div><\/li>\n\n\n\n<li class=\"wp-block-unithink-single-accordion-services\"><a class=\"item-title\" href=\"#\" data-accordion-item-title=\"true\"><h3>Editorial Design<\/h3><div class=\"plus-minus\" data-accordion-item-plus-minus=\"true\"><span><\/span><\/div><\/a><div class=\"item-content\" data-accordion-item-content=\"true\">\n<p><strong>La cura dello stile.<\/strong><br>Ogni prodotto editoriale, che si tratti di un catalogo prodotti, una brochure, un magazine, un libro o altro, richiede un&#8217;attenzione particolare alle esigenze comunicative e al pubblico specifico a cui \u00e8 destinato. Studiamo approfondito del mercato e del target e adottiamo di volta in volta lo stile pi\u00f9 appropriato al contenuto trattato e al contesto in cui il prodotto sar\u00e0 presentato ed utilizzato. L&#8217;uso accurato della tipografia unito alla sensibilit\u00e0 estetica per proporzioni, layout, colori, fotografia, materiali e finiture contribuiscono a creare un prodotto unico, che si distingue sia dal punto di vista estetico che esperienziale.<\/p>\n<\/div><\/li>\n\n\n\n<li class=\"wp-block-unithink-single-accordion-services\"><a class=\"item-title\" href=\"#\" data-accordion-item-title=\"true\"><h3>Exhibition Design<\/h3><div class=\"plus-minus\" data-accordion-item-plus-minus=\"true\"><span><\/span><\/div><\/a><div class=\"item-content\" data-accordion-item-content=\"true\">\n<p><strong>Ideare spazi espositivi.<\/strong><br>Progettare allestimenti, mostre, musei, punti vendita, stand, fiere, ecc., con l&#8217;obiettivo di proporre vere e proprie esperienze, ci consente di creare ambienti con un potente impatto comunicativo. Questi spazi sono capaci di catturare l&#8217;interesse e coinvolgere in modo significativo i visitatori.<\/p>\n<\/div><\/li>\n<\/ul><\/section>\n\n\n\n<section class=\"wp-block-unithink-accordion-services accordion\" data-accordion=\"true\"><h2 class=\"accordion__title\"><span><strong>Visual Production<\/strong><\/span><span><\/span><\/h2><ul class=\"accordion__content\">\n<li class=\"wp-block-unithink-single-accordion-services\"><a class=\"item-title\" href=\"#\" data-accordion-item-title=\"true\"><h3>Photography<\/h3><div class=\"plus-minus\" data-accordion-item-plus-minus=\"true\"><span><\/span><\/div><\/a><div class=\"item-content\" data-accordion-item-content=\"true\">\n<p><strong>Il potere dell\u2019immagine.<\/strong><br>L\u2019immediatezza delle immagini aumenta il valore e la responsabilit\u00e0 del messaggio che veicolano. Una buona fotografia \u00e8 in grado di comunicare in modo efficace al pubblico attraverso un linguaggio chiaro ed esteticamente potente. Progettare un&#8217;immagine che sia appagante, funzionale e dotata di una potente capacit\u00e0 comunicativa va oltre della semplice esecuzione tecnica. Non ci limitiamo a catturare una scena, ma ci impegnamo a raffigurare un autentico spaccato di realt\u00e0 che racconta una storia, potenziando sia l&#8217;aspetto visivo che il significato connotativo.<\/p>\n<\/div><\/li>\n\n\n\n<li class=\"wp-block-unithink-single-accordion-services\"><a class=\"item-title\" href=\"#\" data-accordion-item-title=\"true\"><h3>Filmmaking<\/h3><div class=\"plus-minus\" data-accordion-item-plus-minus=\"true\"><span><\/span><\/div><\/a><div class=\"item-content\" data-accordion-item-content=\"true\">\n<p><strong>Il fascino dell\u2019azione.<\/strong><br>La settima arte ci insegna che non dobbiamo soltanto &#8220;osservare&#8221; una storia, ma viverla; questo \u00e8 possibile solamente attraverso un\u2019identificazione in prima persona con i valori universali espressi nella narrazione. Il video ci permette di entrare in contatto con un&#8217;esperienza, andando oltre la semplice osservazione di una sequenza di immagini in movimento. Sceneggiatura, storytelling e cinematografia si fondono per trasmettere l&#8217;essenza di ogni brand o progetto, sfruttando uno dei mezzi comunicativi pi\u00f9 potenti oggi a disposizione.<\/p>\n<\/div><\/li>\n\n\n\n<li class=\"wp-block-unithink-single-accordion-services\"><a class=\"item-title\" href=\"#\" data-accordion-item-title=\"true\"><h3>Image Production<\/h3><div class=\"plus-minus\" data-accordion-item-plus-minus=\"true\"><span><\/span><\/div><\/a><div class=\"item-content\" data-accordion-item-content=\"true\">\n<p><strong>Il controllo del processo.<\/strong><br>Gestiamo l\u2019intera produzione delle immagini. Che si tratti di fotografie, video, animazioni o render digitali, assicuriamo il totale controllo sull\u2019intero processo e garantiamo qualit\u00e0 e coerenza stilistica.<\/p>\n<\/div><\/li>\n\n\n\n<li class=\"wp-block-unithink-single-accordion-services\"><a class=\"item-title\" href=\"#\" data-accordion-item-title=\"true\"><h3>Motion Design<\/h3><div class=\"plus-minus\" data-accordion-item-plus-minus=\"true\"><span><\/span><\/div><\/a><div class=\"item-content\" data-accordion-item-content=\"true\">\n<p><strong>La forza del movimento.<\/strong><br>Nell&#8217;attuale panorama digitale, dove i marchi vivono principalmente sugli schermi, la sola presenza statica non \u00e8 pi\u00f9 soddisfacente. Il movimento gioca un ruolo fondamentale nel definire le dinamiche visive di un brand. Creiamo effetti visivi, animazioni e logo motion a supporto dell\u2019identit\u00e0 visiva.<\/p>\n<\/div><\/li>\n<\/ul><\/section>\n\n\n\n<section class=\"wp-block-unithink-accordion-services accordion\" data-accordion=\"true\"><h2 class=\"accordion__title\"><span>Digital Design<\/span><span><\/span><\/h2><ul class=\"accordion__content\">\n<li class=\"wp-block-unithink-single-accordion-services\"><a class=\"item-title\" href=\"#\" data-accordion-item-title=\"true\"><h3>Web Design<\/h3><div class=\"plus-minus\" data-accordion-item-plus-minus=\"true\"><span><\/span><\/div><\/a><div class=\"item-content\" data-accordion-item-content=\"true\">\n<p><strong>Progettare esperienze digitali.<\/strong><br>Creare prodotti digitali interattivi come app o siti web richiede un approccio user-centered. Pertanto conduciamo un&#8217;analisi dettagliata dell&#8217;esperienza che far\u00e0 l&#8217;utente (UX) prima di procedere con la creazione di qualsiasi interfaccia grafica (UI). Questo processo guida l&#8217;intera fase di progettazione, consentendoci di sviluppare un prodotto che non solo sia esteticamente piacevole, ma soprattutto facile da utilizzare e allineato agli obiettivi aziendali.<\/p>\n<\/div><\/li>\n\n\n\n<li class=\"wp-block-unithink-single-accordion-services\"><a class=\"item-title\" href=\"#\" data-accordion-item-title=\"true\"><h3>Web Development<\/h3><div class=\"plus-minus\" data-accordion-item-plus-minus=\"true\"><span><\/span><\/div><\/a><div class=\"item-content\" data-accordion-item-content=\"true\">\n<p><strong>Siti web all\u2019avanguardia.<\/strong><br>La conoscenza approfondita delle tecnologie e dei linguaggi di programmazione pi\u00f9 recenti \u00e8 essenziale per esprimere la massima creativit\u00e0 in fase di progettazione. Questo ci consente di sviluppare prodotti digitali, come siti web e applicazioni, sempre all&#8217;avanguardia e perfettamente funzionanti su qualsiasi dispositivo.<\/p>\n<\/div><\/li>\n\n\n\n<li class=\"wp-block-unithink-single-accordion-services\"><a class=\"item-title\" href=\"#\" data-accordion-item-title=\"true\"><h3>SEO Strategy<\/h3><div class=\"plus-minus\" data-accordion-item-plus-minus=\"true\"><span><\/span><\/div><\/a><div class=\"item-content\" data-accordion-item-content=\"true\">\n<p><strong>L\u2019uso intelligente delle parole.<\/strong><br>In un contesto di comunicazione sempre pi\u00f9 digitalizzato e sovraccarico di informazioni, essere facilmente individuabili sui motori di ricerca attraverso l&#8217;uso intelligente delle parole chiave rappresenta un requisito fondamentale per la sopravvivenza e l&#8217;espansione di un brand o di un&#8217;azienda.<\/p>\n<\/div><\/li>\n<\/ul><\/section>\n","protected":false},"excerpt":{"rendered":"","protected":false},"author":1,"featured_media":0,"parent":0,"menu_order":4,"comment_status":"closed","ping_status":"closed","template":"","meta":{"_acf_changed":false,"footnotes":""},"class_list":["post-708","page","type-page","status-publish","hentry"],"acf":[],"_links":{"self":[{"href":"https:\/\/unithink.it\/it\/wp-json\/wp\/v2\/pages\/708","targetHints":{"allow":["GET"]}}],"collection":[{"href":"https:\/\/unithink.it\/it\/wp-json\/wp\/v2\/pages"}],"about":[{"href":"https:\/\/unithink.it\/it\/wp-json\/wp\/v2\/types\/page"}],"author":[{"embeddable":true,"href":"https:\/\/unithink.it\/it\/wp-json\/wp\/v2\/users\/1"}],"replies":[{"embeddable":true,"href":"https:\/\/unithink.it\/it\/wp-json\/wp\/v2\/comments?post=708"}],"version-history":[{"count":0,"href":"https:\/\/unithink.it\/it\/wp-json\/wp\/v2\/pages\/708\/revisions"}],"wp:attachment":[{"href":"https:\/\/unithink.it\/it\/wp-json\/wp\/v2\/media?parent=708"}],"curies":[{"name":"wp","href":"https:\/\/api.w.org\/{rel}","templated":true}]}}