{"id":1448,"date":"2024-10-21T22:07:17","date_gmt":"2024-10-21T20:07:17","guid":{"rendered":"https:\/\/unithink.it\/?page_id=1448"},"modified":"2024-10-21T22:11:23","modified_gmt":"2024-10-21T20:11:23","slug":"privacy","status":"publish","type":"page","link":"https:\/\/unithink.it\/it\/privacy\/","title":{"rendered":"Informativa sulla Privacy"},"content":{"rendered":"\n<p>La tua privacy \u00e8 importante per noi. Vogliamo informarti chiaramente che non raccogliamo, memorizziamo o elaboriamo alcun tipo di dato personale o informazione relativa agli utenti che visitano il nostro sito. Il nostro sito non utilizza cookie di alcun tipo. Non usiamo cookie per tracciare il comportamento degli utenti, n\u00e9 per raccogliere informazioni sui visitatori. Non raccogliamo informazioni personali come nomi, indirizzi email, numeri di telefono o qualsiasi altro dato identificativo. Non monitoriamo il tuo indirizzo IP, la tua posizione geografica, il dispositivo che usi, o qualsiasi altra informazione che possa essere utilizzata per identificarti. Non utilizziamo strumenti di tracciamento di terze parti, come Google Analytics o Facebook Pixel, n\u00e9 collaboriamo con servizi di marketing o pubblicit\u00e0 che potrebbero raccogliere dati su di te. Non memorizziamo log dei server n\u00e9 utilizziamo tecnologie di tracciamento per analizzare il comportamento degli utenti. Questa Privacy Policy pu\u00f2 essere aggiornata occasionalmente. Ti invitiamo a rivedere periodicamente questa pagina per eventuali cambiamenti. Per qualsiasi domanda o chiarimento sulla nostra Privacy Policy, non esitare a scriverci a <a href=\"mailto:info@unithink.it\">info@unithink.it<\/a>.<\/p>\n","protected":false},"excerpt":{"rendered":"<p>La tua privacy \u00e8 importante per noi. Vogliamo informarti chiaramente che non raccogliamo, memorizziamo o elaboriamo alcun tipo di dato personale o informazione relativa agli utenti che visitano il nostro sito. Il nostro sito non utilizza cookie di alcun tipo. Non usiamo cookie per tracciare il comportamento degli utenti, n\u00e9 per raccogliere informazioni sui visitatori. [&hellip;]<\/p>\n","protected":false},"author":1,"featured_media":0,"parent":0,"menu_order":0,"comment_status":"closed","ping_status":"closed","template":"page-privacy.php","meta":{"_acf_changed":false,"footnotes":""},"class_list":["post-1448","page","type-page","status-publish","hentry"],"acf":[],"_links":{"self":[{"href":"https:\/\/unithink.it\/it\/wp-json\/wp\/v2\/pages\/1448","targetHints":{"allow":["GET"]}}],"collection":[{"href":"https:\/\/unithink.it\/it\/wp-json\/wp\/v2\/pages"}],"about":[{"href":"https:\/\/unithink.it\/it\/wp-json\/wp\/v2\/types\/page"}],"author":[{"embeddable":true,"href":"https:\/\/unithink.it\/it\/wp-json\/wp\/v2\/users\/1"}],"replies":[{"embeddable":true,"href":"https:\/\/unithink.it\/it\/wp-json\/wp\/v2\/comments?post=1448"}],"version-history":[{"count":0,"href":"https:\/\/unithink.it\/it\/wp-json\/wp\/v2\/pages\/1448\/revisions"}],"wp:attachment":[{"href":"https:\/\/unithink.it\/it\/wp-json\/wp\/v2\/media?parent=1448"}],"curies":[{"name":"wp","href":"https:\/\/api.w.org\/{rel}","templated":true}]}}